{"id":38,"date":"2025-11-19T13:45:19","date_gmt":"2025-11-19T12:45:19","guid":{"rendered":"https:\/\/cneta.fr\/?page_id=38"},"modified":"2025-12-05T16:24:57","modified_gmt":"2025-12-05T15:24:57","slug":"nos-services","status":"publish","type":"page","link":"https:\/\/cneta.fr\/?page_id=38","title":{"rendered":"Services"},"content":{"rendered":"\n<div class=\"wp-block-columns alignwide is-layout-flex wp-container-core-columns-is-layout-ca23dd7b wp-block-columns-is-layout-flex\" style=\"margin-top:100px;margin-bottom:70px\">\n<div class=\"wp-block-column is-layout-flow wp-block-column-is-layout-flow\" style=\"padding-top:0px;padding-right:0px;padding-bottom:0px;padding-left:0px\">\n<figure class=\"wp-block-image aligncenter size-full is-resized\"><img loading=\"lazy\" decoding=\"async\" width=\"558\" height=\"706\" src=\"https:\/\/cneta.fr\/wp-content\/uploads\/2025\/12\/Capture-decran-2025-12-05-a-15.56.56.png\" alt=\"\" class=\"wp-image-169\" style=\"width:367px;height:auto\" srcset=\"https:\/\/cneta.fr\/wp-content\/uploads\/2025\/12\/Capture-decran-2025-12-05-a-15.56.56.png 558w, https:\/\/cneta.fr\/wp-content\/uploads\/2025\/12\/Capture-decran-2025-12-05-a-15.56.56-237x300.png 237w\" sizes=\"auto, (max-width: 558px) 100vw, 558px\" \/><\/figure>\n<\/div>\n\n\n\n<div class=\"wp-block-column is-vertically-aligned-center is-layout-flow wp-container-core-column-is-layout-3ca914a4 wp-block-column-is-layout-flow\" style=\"flex-basis:56%\">\n<h4 class=\"wp-block-heading has-text-color has-inter-font-family\" style=\"color:#536942;font-size:clamp(21.027px, 1.314rem + ((1vw - 3.2px) * 1.474), 34px);font-style:normal;font-weight:400;letter-spacing:-1px\">Services A La Personne<\/h4>\n\n\n\n<p class=\"has-text-color\" style=\"color:#839376;padding-right:120px;font-size:clamp(14px, 0.875rem + ((1vw - 3.2px) * 0.114), 15px);\">Que ce soit pour de l\u2019aide ponctuelle ou un suivi r\u00e9gulier, nos interventions visent \u00e0 faciliter la vie quotidienne, apporter du confort et offrir un v\u00e9ritable accompagnement de proximit\u00e9.<\/p>\n\n\n\n<h3 class=\"wp-block-heading has-text-color\" style=\"color:#536942;font-size:clamp(15.197px, 0.95rem + ((1vw - 3.2px) * 0.887), 23px);font-style:normal;font-weight:400\"><\/h3>\n\n\n\n<div class=\"wp-block-buttons is-layout-flex wp-block-buttons-is-layout-flex\">\n<div class=\"wp-block-button is-style-outline is-style-outline--1\"><a class=\"wp-block-button__link has-text-color has-background has-border-color has-custom-font-size wp-element-button\" style=\"border-color:#839376;border-width:1px;color:#536942;background-color:#ffffff;padding-top:11px;padding-right:30px;padding-bottom:11px;padding-left:30px;font-size:14px\">Je Commence <\/a><\/div>\n<\/div>\n<\/div>\n<\/div>\n\n\n\n<div class=\"wp-block-columns alignwide is-layout-flex wp-container-core-columns-is-layout-60dabb8b wp-block-columns-is-layout-flex\" style=\"margin-top:0px;margin-bottom:70px\">\n<div class=\"wp-block-column is-layout-flow wp-block-column-is-layout-flow\" style=\"padding-top:0px;padding-right:0px;padding-bottom:0px;padding-left:0px\">\n<figure class=\"wp-block-image aligncenter size-full is-resized\"><img loading=\"lazy\" decoding=\"async\" width=\"1895\" height=\"2560\" src=\"https:\/\/cneta.fr\/wp-content\/uploads\/2025\/12\/pexels-mikhail-nilov-6931338-scaled.jpg\" alt=\"\" class=\"wp-image-170\" style=\"width:377px;height:auto\" srcset=\"https:\/\/cneta.fr\/wp-content\/uploads\/2025\/12\/pexels-mikhail-nilov-6931338-scaled.jpg 1895w, https:\/\/cneta.fr\/wp-content\/uploads\/2025\/12\/pexels-mikhail-nilov-6931338-222x300.jpg 222w, https:\/\/cneta.fr\/wp-content\/uploads\/2025\/12\/pexels-mikhail-nilov-6931338-758x1024.jpg 758w, https:\/\/cneta.fr\/wp-content\/uploads\/2025\/12\/pexels-mikhail-nilov-6931338-768x1037.jpg 768w, https:\/\/cneta.fr\/wp-content\/uploads\/2025\/12\/pexels-mikhail-nilov-6931338-1137x1536.jpg 1137w, https:\/\/cneta.fr\/wp-content\/uploads\/2025\/12\/pexels-mikhail-nilov-6931338-1516x2048.jpg 1516w\" sizes=\"auto, (max-width: 1895px) 100vw, 1895px\" \/><\/figure>\n<\/div>\n\n\n\n<div class=\"wp-block-column is-vertically-aligned-center is-layout-flow wp-container-core-column-is-layout-3ca914a4 wp-block-column-is-layout-flow\" style=\"flex-basis:56%\">\n<h4 class=\"wp-block-heading has-text-color has-inter-font-family\" style=\"color:#536942;font-size:clamp(21.027px, 1.314rem + ((1vw - 3.2px) * 1.474), 34px);font-style:normal;font-weight:400;letter-spacing:-1px\">Service Administratif <\/h4>\n\n\n\n<p class=\"has-text-color\" style=\"color:#839376;padding-right:120px;font-size:clamp(14px, 0.875rem + ((1vw - 3.2px) * 0.114), 15px);\">Nous vous assistons dans la gestion de vos documents, d\u00e9marches et obligations administratives, que ce soit en ligne ou en pr\u00e9sentiel. <\/p>\n\n\n\n<p class=\"has-text-color\" style=\"color:#839376;padding-right:120px;font-size:clamp(14px, 0.875rem + ((1vw - 3.2px) * 0.114), 15px);\">L\u2019objectif : vous faire gagner du temps, vous soulager de la charge mentale et vous accompagner avec clart\u00e9 et efficacit\u00e9 dans toutes vos d\u00e9marches.<\/p>\n\n\n\n<div class=\"wp-block-buttons is-layout-flex wp-block-buttons-is-layout-flex\">\n<div class=\"wp-block-button is-style-outline is-style-outline--2\"><a class=\"wp-block-button__link has-text-color has-background has-border-color has-custom-font-size wp-element-button\" style=\"border-color:#839376;border-width:1px;color:#536942;background-color:#ffffff;padding-top:11px;padding-right:30px;padding-bottom:11px;padding-left:30px;font-size:14px\">Je Commence <\/a><\/div>\n<\/div>\n<\/div>\n<\/div>\n\n\n\n<div class=\"wp-block-columns alignwide is-layout-flex wp-container-core-columns-is-layout-9e1216ef wp-block-columns-is-layout-flex\" style=\"margin-top:0px;margin-bottom:100px\">\n<div class=\"wp-block-column is-layout-flow wp-block-column-is-layout-flow\" style=\"padding-top:0px;padding-right:0px;padding-bottom:0px;padding-left:0px\">\n<figure class=\"wp-block-image aligncenter size-full is-resized\"><img loading=\"lazy\" decoding=\"async\" width=\"1192\" height=\"1552\" src=\"https:\/\/cneta.fr\/wp-content\/uploads\/2025\/12\/Capture-decran-2025-12-05-a-16.07.13.png\" alt=\"\" class=\"wp-image-174\" style=\"width:373px;height:auto\" srcset=\"https:\/\/cneta.fr\/wp-content\/uploads\/2025\/12\/Capture-decran-2025-12-05-a-16.07.13.png 1192w, https:\/\/cneta.fr\/wp-content\/uploads\/2025\/12\/Capture-decran-2025-12-05-a-16.07.13-230x300.png 230w, https:\/\/cneta.fr\/wp-content\/uploads\/2025\/12\/Capture-decran-2025-12-05-a-16.07.13-786x1024.png 786w, https:\/\/cneta.fr\/wp-content\/uploads\/2025\/12\/Capture-decran-2025-12-05-a-16.07.13-768x1000.png 768w, https:\/\/cneta.fr\/wp-content\/uploads\/2025\/12\/Capture-decran-2025-12-05-a-16.07.13-1180x1536.png 1180w\" sizes=\"auto, (max-width: 1192px) 100vw, 1192px\" \/><\/figure>\n<\/div>\n\n\n\n<div class=\"wp-block-column is-vertically-aligned-center is-layout-flow wp-container-core-column-is-layout-3ca914a4 wp-block-column-is-layout-flow\" style=\"flex-basis:56%\">\n<h4 class=\"wp-block-heading has-text-color has-inter-font-family\" style=\"color:#536942;font-size:clamp(21.027px, 1.314rem + ((1vw - 3.2px) * 1.474), 34px);font-style:normal;font-weight:400;letter-spacing:-1px\">Service M\u00e9nag\u00e8re <\/h4>\n\n\n\n<p class=\"has-text-color\" style=\"color:#839376;padding-right:120px;font-size:clamp(14px, 0.875rem + ((1vw - 3.2px) * 0.114), 15px);\">Nous proposons des prestations d\u2019entretien du domicile et d\u2019aide m\u00e9nag\u00e8re pour un habitat propre, organis\u00e9 et agr\u00e9able \u00e0 vivre. Nos interventions sont r\u00e9alis\u00e9es avec rigueur et discr\u00e9tion, qu\u2019il s\u2019agisse d\u2019un besoin ponctuel ou d\u2019un entretien r\u00e9gulier.<\/p>\n\n\n\n<h3 class=\"wp-block-heading has-text-color\" style=\"color:#536942;font-size:clamp(15.197px, 0.95rem + ((1vw - 3.2px) * 0.887), 23px);font-style:normal;font-weight:400\"><\/h3>\n\n\n\n<div class=\"wp-block-buttons is-layout-flex wp-block-buttons-is-layout-flex\">\n<div class=\"wp-block-button is-style-outline is-style-outline--3\"><a class=\"wp-block-button__link has-text-color has-background has-border-color has-custom-font-size wp-element-button\" style=\"border-color:#839376;border-width:1px;color:#536942;background-color:#ffffff;padding-top:11px;padding-right:30px;padding-bottom:11px;padding-left:30px;font-size:14px\">Je Commence<\/a><\/div>\n<\/div>\n<\/div>\n<\/div>\n\n\n\n<div class=\"wp-block-cover alignfull is-light\" style=\"margin-top:0;margin-bottom:0;padding-top:60px;padding-bottom:70px\"><span aria-hidden=\"true\" class=\"wp-block-cover__background has-background-dim-100 has-background-dim\" style=\"background-color:#f6f8f5\"><\/span><div class=\"wp-block-cover__inner-container has-global-padding is-layout-constrained wp-container-core-cover-is-layout-b6dde979 wp-block-cover-is-layout-constrained\">\n<div class=\"wp-block-columns is-layout-flex wp-container-core-columns-is-layout-df0ecb7a wp-block-columns-is-layout-flex\" style=\"margin-top:0px;margin-bottom:0px;padding-top:0px;padding-right:0px;padding-bottom:0px;padding-left:0px\">\n<div class=\"wp-block-column is-layout-flow wp-block-column-is-layout-flow\">\n<h4 class=\"wp-block-heading has-text-color has-hedvig-letters-serif-regular-font-family\" style=\"color:#536942;padding-bottom:40px;font-size:clamp(24.034px, 1.502rem + ((1vw - 3.2px) * 1.814), 40px);font-style:normal;font-weight:400;letter-spacing:-1px\">Les Avantages Fiscaux\u00a0<\/h4>\n\n\n\n<h5 class=\"wp-block-heading has-text-color has-link-color has-hedvig-letters-serif-regular-font-family wp-elements-a09260fbad5110e5c7c2b2a897cbf9b7\" style=\"color:#799d79\">La r\u00e9duction d\u2019imp\u00f4t de 50 %<\/h5>\n\n\n\n<p class=\"has-text-color\" style=\"color:#839376;padding-bottom:30px;font-size:clamp(14px, 0.875rem + ((1vw - 3.2px) * 0.455), 18px);line-height:1.7\">En faisant appel \u00e0 nos services, vous profitez d\u2019un avantage fiscal important :\u00a0<strong>50 % du montant de vos prestations sont d\u00e9ductibles de vos imp\u00f4ts<\/strong>.<br>C\u2019est valable pour l\u2019ensemble des services\u00a0que nous proposons <\/p>\n\n\n\n<h5 class=\"wp-block-heading has-text-color has-link-color has-hedvig-letters-serif-regular-font-family wp-elements-f702f0234bed0d845f3ddbf712258b72\" style=\"color:#799d79\">le cr\u00e9dit d\u2019imp\u00f4t imm\u00e9diat\u00a0<\/h5>\n\n\n\n<p class=\"has-text-color\" style=\"color:#839376;font-size:clamp(14px, 0.875rem + ((1vw - 3.2px) * 0.455), 18px);line-height:1.7\">Gr\u00e2ce au dispositif d\u2019<strong>avance imm\u00e9diate du cr\u00e9dit d\u2019imp\u00f4t<\/strong>, plus besoin d\u2019attendre l\u2019ann\u00e9e suivante pour \u00eatre rembours\u00e9.<br>Vous ne payez\u00a0<strong>que 50 % du prix au moment de la prestation<\/strong>\u00a0: l\u2019autre moiti\u00e9 est directement prise en charge par l\u2019URSSAF.<\/p>\n<\/div>\n\n\n\n<div class=\"wp-block-column is-vertically-aligned-bottom is-layout-flow wp-block-column-is-layout-flow\" style=\"flex-basis:40%\">\n<div class=\"wp-block-columns is-layout-flex wp-container-core-columns-is-layout-9c22b1e3 wp-block-columns-is-layout-flex\">\n<div class=\"wp-block-column is-layout-flow wp-block-column-is-layout-flow\">\n<div class=\"wp-block-group is-vertical is-content-justification-center is-layout-flex wp-container-core-group-is-layout-feccf9d1 wp-block-group-is-layout-flex\" style=\"margin-bottom:60px\">\n<figure class=\"wp-block-image size-full is-resized\"><img loading=\"lazy\" decoding=\"async\" width=\"500\" height=\"500\" src=\"https:\/\/cneta.fr\/wp-content\/uploads\/2025\/12\/numerique_dom-credit-dimpot-1-removebg-preview.png\" alt=\"\" class=\"wp-image-166\" style=\"width:303px;height:auto\" srcset=\"https:\/\/cneta.fr\/wp-content\/uploads\/2025\/12\/numerique_dom-credit-dimpot-1-removebg-preview.png 500w, https:\/\/cneta.fr\/wp-content\/uploads\/2025\/12\/numerique_dom-credit-dimpot-1-removebg-preview-300x300.png 300w, https:\/\/cneta.fr\/wp-content\/uploads\/2025\/12\/numerique_dom-credit-dimpot-1-removebg-preview-150x150.png 150w\" sizes=\"auto, (max-width: 500px) 100vw, 500px\" \/><\/figure>\n\n\n\n<p class=\"has-text-color\" style=\"color:#536942;font-size:13px;font-style:normal;font-weight:400\">  <\/p>\n<\/div>\n<\/div>\n<\/div>\n<\/div>\n<\/div>\n<\/div><\/div>\n\n\n\n<p><\/p>\n","protected":false},"excerpt":{"rendered":"<p>Services A La Personne Que ce soit pour de l\u2019aide ponctuelle ou un suivi r\u00e9gulier, nos interventions visent \u00e0 faciliter la vie quotidienne, apporter du confort et offrir un v\u00e9ritable accompagnement de proximit\u00e9. Service Administratif Nous vous assistons dans la gestion de vos documents, d\u00e9marches et obligations administratives, que ce soit en ligne ou en [&hellip;]<\/p>\n","protected":false},"author":1,"featured_media":0,"parent":0,"menu_order":0,"comment_status":"closed","ping_status":"closed","template":"","meta":{"footnotes":""},"class_list":["post-38","page","type-page","status-publish","hentry"],"yoast_head":"<!-- This site is optimized with the Yoast SEO plugin v27.4 - https:\/\/yoast.com\/product\/yoast-seo-wordpress\/ -->\n<title>Services -<\/title>\n<meta name=\"robots\" content=\"index, follow, max-snippet:-1, max-image-preview:large, max-video-preview:-1\" \/>\n<link rel=\"canonical\" href=\"https:\/\/cneta.fr\/?page_id=38\" \/>\n<meta property=\"og:locale\" content=\"fr_FR\" \/>\n<meta property=\"og:type\" content=\"article\" \/>\n<meta property=\"og:title\" content=\"Services -\" \/>\n<meta property=\"og:description\" content=\"Services A La Personne Que ce soit pour de l\u2019aide ponctuelle ou un suivi r\u00e9gulier, nos interventions visent \u00e0 faciliter la vie quotidienne, apporter du confort et offrir un v\u00e9ritable accompagnement de proximit\u00e9. Service Administratif Nous vous assistons dans la gestion de vos documents, d\u00e9marches et obligations administratives, que ce soit en ligne ou en [&hellip;]\" \/>\n<meta property=\"og:url\" content=\"https:\/\/cneta.fr\/?page_id=38\" \/>\n<meta property=\"article:modified_time\" content=\"2025-12-05T15:24:57+00:00\" \/>\n<meta property=\"og:image\" content=\"https:\/\/cneta.fr\/wp-content\/uploads\/2025\/12\/Capture-decran-2025-12-05-a-15.56.56.png\" \/>\n\t<meta property=\"og:image:width\" content=\"558\" \/>\n\t<meta property=\"og:image:height\" content=\"706\" \/>\n\t<meta property=\"og:image:type\" content=\"image\/png\" \/>\n<meta name=\"twitter:card\" content=\"summary_large_image\" \/>\n<meta name=\"twitter:label1\" content=\"Dur\u00e9e de lecture estim\u00e9e\" \/>\n\t<meta name=\"twitter:data1\" content=\"1 minute\" \/>\n<script type=\"application\/ld+json\" class=\"yoast-schema-graph\">{\"@context\":\"https:\\\/\\\/schema.org\",\"@graph\":[{\"@type\":\"WebPage\",\"@id\":\"https:\\\/\\\/cneta.fr\\\/?page_id=38\",\"url\":\"https:\\\/\\\/cneta.fr\\\/?page_id=38\",\"name\":\"Services -\",\"isPartOf\":{\"@id\":\"https:\\\/\\\/cneta.fr\\\/#website\"},\"primaryImageOfPage\":{\"@id\":\"https:\\\/\\\/cneta.fr\\\/?page_id=38#primaryimage\"},\"image\":{\"@id\":\"https:\\\/\\\/cneta.fr\\\/?page_id=38#primaryimage\"},\"thumbnailUrl\":\"https:\\\/\\\/cneta.fr\\\/wp-content\\\/uploads\\\/2025\\\/12\\\/Capture-decran-2025-12-05-a-15.56.56.png\",\"datePublished\":\"2025-11-19T12:45:19+00:00\",\"dateModified\":\"2025-12-05T15:24:57+00:00\",\"breadcrumb\":{\"@id\":\"https:\\\/\\\/cneta.fr\\\/?page_id=38#breadcrumb\"},\"inLanguage\":\"fr-FR\",\"potentialAction\":[{\"@type\":\"ReadAction\",\"target\":[\"https:\\\/\\\/cneta.fr\\\/?page_id=38\"]}]},{\"@type\":\"ImageObject\",\"inLanguage\":\"fr-FR\",\"@id\":\"https:\\\/\\\/cneta.fr\\\/?page_id=38#primaryimage\",\"url\":\"https:\\\/\\\/cneta.fr\\\/wp-content\\\/uploads\\\/2025\\\/12\\\/Capture-decran-2025-12-05-a-15.56.56.png\",\"contentUrl\":\"https:\\\/\\\/cneta.fr\\\/wp-content\\\/uploads\\\/2025\\\/12\\\/Capture-decran-2025-12-05-a-15.56.56.png\",\"width\":558,\"height\":706},{\"@type\":\"BreadcrumbList\",\"@id\":\"https:\\\/\\\/cneta.fr\\\/?page_id=38#breadcrumb\",\"itemListElement\":[{\"@type\":\"ListItem\",\"position\":1,\"name\":\"Accueil\",\"item\":\"https:\\\/\\\/cneta.fr\\\/\"},{\"@type\":\"ListItem\",\"position\":2,\"name\":\"Services\"}]},{\"@type\":\"WebSite\",\"@id\":\"https:\\\/\\\/cneta.fr\\\/#website\",\"url\":\"https:\\\/\\\/cneta.fr\\\/\",\"name\":\"cneta\",\"description\":\"\u201cAccompagner, prot\u00e9ger, soutenir  \u00e0 chaque \u00e9tape de la vie.\u201d\",\"potentialAction\":[{\"@type\":\"SearchAction\",\"target\":{\"@type\":\"EntryPoint\",\"urlTemplate\":\"https:\\\/\\\/cneta.fr\\\/?s={search_term_string}\"},\"query-input\":{\"@type\":\"PropertyValueSpecification\",\"valueRequired\":true,\"valueName\":\"search_term_string\"}}],\"inLanguage\":\"fr-FR\"}]}<\/script>\n<!-- \/ Yoast SEO plugin. -->","yoast_head_json":{"title":"Services -","robots":{"index":"index","follow":"follow","max-snippet":"max-snippet:-1","max-image-preview":"max-image-preview:large","max-video-preview":"max-video-preview:-1"},"canonical":"https:\/\/cneta.fr\/?page_id=38","og_locale":"fr_FR","og_type":"article","og_title":"Services -","og_description":"Services A La Personne Que ce soit pour de l\u2019aide ponctuelle ou un suivi r\u00e9gulier, nos interventions visent \u00e0 faciliter la vie quotidienne, apporter du confort et offrir un v\u00e9ritable accompagnement de proximit\u00e9. Service Administratif Nous vous assistons dans la gestion de vos documents, d\u00e9marches et obligations administratives, que ce soit en ligne ou en [&hellip;]","og_url":"https:\/\/cneta.fr\/?page_id=38","article_modified_time":"2025-12-05T15:24:57+00:00","og_image":[{"width":558,"height":706,"url":"https:\/\/cneta.fr\/wp-content\/uploads\/2025\/12\/Capture-decran-2025-12-05-a-15.56.56.png","type":"image\/png"}],"twitter_card":"summary_large_image","twitter_misc":{"Dur\u00e9e de lecture estim\u00e9e":"1 minute"},"schema":{"@context":"https:\/\/schema.org","@graph":[{"@type":"WebPage","@id":"https:\/\/cneta.fr\/?page_id=38","url":"https:\/\/cneta.fr\/?page_id=38","name":"Services -","isPartOf":{"@id":"https:\/\/cneta.fr\/#website"},"primaryImageOfPage":{"@id":"https:\/\/cneta.fr\/?page_id=38#primaryimage"},"image":{"@id":"https:\/\/cneta.fr\/?page_id=38#primaryimage"},"thumbnailUrl":"https:\/\/cneta.fr\/wp-content\/uploads\/2025\/12\/Capture-decran-2025-12-05-a-15.56.56.png","datePublished":"2025-11-19T12:45:19+00:00","dateModified":"2025-12-05T15:24:57+00:00","breadcrumb":{"@id":"https:\/\/cneta.fr\/?page_id=38#breadcrumb"},"inLanguage":"fr-FR","potentialAction":[{"@type":"ReadAction","target":["https:\/\/cneta.fr\/?page_id=38"]}]},{"@type":"ImageObject","inLanguage":"fr-FR","@id":"https:\/\/cneta.fr\/?page_id=38#primaryimage","url":"https:\/\/cneta.fr\/wp-content\/uploads\/2025\/12\/Capture-decran-2025-12-05-a-15.56.56.png","contentUrl":"https:\/\/cneta.fr\/wp-content\/uploads\/2025\/12\/Capture-decran-2025-12-05-a-15.56.56.png","width":558,"height":706},{"@type":"BreadcrumbList","@id":"https:\/\/cneta.fr\/?page_id=38#breadcrumb","itemListElement":[{"@type":"ListItem","position":1,"name":"Accueil","item":"https:\/\/cneta.fr\/"},{"@type":"ListItem","position":2,"name":"Services"}]},{"@type":"WebSite","@id":"https:\/\/cneta.fr\/#website","url":"https:\/\/cneta.fr\/","name":"cneta","description":"\u201cAccompagner, prot\u00e9ger, soutenir  \u00e0 chaque \u00e9tape de la vie.\u201d","potentialAction":[{"@type":"SearchAction","target":{"@type":"EntryPoint","urlTemplate":"https:\/\/cneta.fr\/?s={search_term_string}"},"query-input":{"@type":"PropertyValueSpecification","valueRequired":true,"valueName":"search_term_string"}}],"inLanguage":"fr-FR"}]}},"_links":{"self":[{"href":"https:\/\/cneta.fr\/index.php?rest_route=\/wp\/v2\/pages\/38","targetHints":{"allow":["GET"]}}],"collection":[{"href":"https:\/\/cneta.fr\/index.php?rest_route=\/wp\/v2\/pages"}],"about":[{"href":"https:\/\/cneta.fr\/index.php?rest_route=\/wp\/v2\/types\/page"}],"author":[{"embeddable":true,"href":"https:\/\/cneta.fr\/index.php?rest_route=\/wp\/v2\/users\/1"}],"replies":[{"embeddable":true,"href":"https:\/\/cneta.fr\/index.php?rest_route=%2Fwp%2Fv2%2Fcomments&post=38"}],"version-history":[{"count":6,"href":"https:\/\/cneta.fr\/index.php?rest_route=\/wp\/v2\/pages\/38\/revisions"}],"predecessor-version":[{"id":175,"href":"https:\/\/cneta.fr\/index.php?rest_route=\/wp\/v2\/pages\/38\/revisions\/175"}],"wp:attachment":[{"href":"https:\/\/cneta.fr\/index.php?rest_route=%2Fwp%2Fv2%2Fmedia&parent=38"}],"curies":[{"name":"wp","href":"https:\/\/api.w.org\/{rel}","templated":true}]}}