{"id":40,"date":"2025-11-19T13:45:55","date_gmt":"2025-11-19T12:45:55","guid":{"rendered":"https:\/\/cneta.fr\/?page_id=40"},"modified":"2025-11-20T16:12:58","modified_gmt":"2025-11-20T15:12:58","slug":"nous-contacter","status":"publish","type":"page","link":"https:\/\/cneta.fr\/?page_id=40","title":{"rendered":"Contact"},"content":{"rendered":"\n<div class=\"wp-block-cover alignfull is-light\" style=\"padding-top:0px;padding-bottom:0rem;min-height:100vh;aspect-ratio:unset;\"><img loading=\"lazy\" decoding=\"async\" width=\"758\" height=\"1024\" class=\"wp-block-cover__image-background wp-image-74 size-large\" alt=\"\" src=\"https:\/\/cneta.fr\/wp-content\/uploads\/2025\/11\/pexels-mikhail-nilov-6931338-758x1024.jpg\" data-object-fit=\"cover\" srcset=\"https:\/\/cneta.fr\/wp-content\/uploads\/2025\/11\/pexels-mikhail-nilov-6931338-758x1024.jpg 758w, https:\/\/cneta.fr\/wp-content\/uploads\/2025\/11\/pexels-mikhail-nilov-6931338-222x300.jpg 222w, https:\/\/cneta.fr\/wp-content\/uploads\/2025\/11\/pexels-mikhail-nilov-6931338-768x1037.jpg 768w, https:\/\/cneta.fr\/wp-content\/uploads\/2025\/11\/pexels-mikhail-nilov-6931338-1137x1536.jpg 1137w, https:\/\/cneta.fr\/wp-content\/uploads\/2025\/11\/pexels-mikhail-nilov-6931338-1516x2048.jpg 1516w, https:\/\/cneta.fr\/wp-content\/uploads\/2025\/11\/pexels-mikhail-nilov-6931338-scaled.jpg 1895w\" sizes=\"auto, (max-width: 758px) 100vw, 758px\" \/><span aria-hidden=\"true\" class=\"wp-block-cover__background has-contrast-background-color has-background-dim-0 has-background-dim\"><\/span><div class=\"wp-block-cover__inner-container has-global-padding is-layout-constrained wp-container-core-cover-is-layout-8832b2d1 wp-block-cover-is-layout-constrained\">\n<div class=\"wp-block-group has-global-padding is-content-justification-left is-layout-constrained wp-container-core-group-is-layout-32f24e8e wp-block-group-is-layout-constrained\" style=\"border-radius:0px;padding-top:180px;padding-right:0px;padding-bottom:100px;padding-left:0px\">\n<div class=\"wp-block-group has-background has-global-padding is-layout-constrained wp-container-core-group-is-layout-a99671ba wp-block-group-is-layout-constrained\" style=\"border-radius:20px;background-color:#fefefe;padding-top:32px;padding-right:48px;padding-bottom:40px;padding-left:48px\">\n<h2 class=\"wp-block-heading has-text-color has-link-color has-hedvig-letters-serif-regular-font-family wp-elements-1ac562b7853654de621f73bdd8b746f4\" style=\"color:#242925;font-size:clamp(1.453rem, 1.453rem + ((1vw - 0.2rem) * 1.722), 2.4rem);\"><strong>Passer \u00e0 l\u2019action<\/strong><\/h2>\n\n\n\n<p class=\"has-text-color has-link-color wp-elements-fd37011e8efb2f6f47b3840b56126c9b\" style=\"color:#242925;font-size:clamp(0.875rem, 0.875rem + ((1vw - 0.2rem) * 0.336), 1.06rem);\">N\u2019attendez plus, nous sommes l\u00e0 pour vous aider<\/p>\n\n\n<style id=\"wpforms-css-vars-63-block-f3616edb-a418-4586-bbbd-6bb3b3743050\">\n\t\t\t\t#wpforms-63.wpforms-block-f3616edb-a418-4586-bbbd-6bb3b3743050 {\n\t\t\t\t--wpforms-field-size-input-height: 43px;\n--wpforms-field-size-input-spacing: 15px;\n--wpforms-field-size-font-size: 16px;\n--wpforms-field-size-line-height: 19px;\n--wpforms-field-size-padding-h: 14px;\n--wpforms-field-size-checkbox-size: 16px;\n--wpforms-field-size-sublabel-spacing: 5px;\n--wpforms-field-size-icon-size: 1;\n--wpforms-label-size-font-size: 16px;\n--wpforms-label-size-line-height: 19px;\n--wpforms-label-size-sublabel-font-size: 14px;\n--wpforms-label-size-sublabel-line-height: 17px;\n--wpforms-button-size-font-size: 17px;\n--wpforms-button-size-height: 41px;\n--wpforms-button-size-padding-h: 15px;\n--wpforms-button-size-margin-top: 10px;\n\t\t\t}\n\t\t\t<\/style><div class=\"wpforms-container wpforms-container-full wpforms-block wpforms-block-f3616edb-a418-4586-bbbd-6bb3b3743050 wpforms-render-modern\" id=\"wpforms-63\"><form id=\"wpforms-form-63\" class=\"wpforms-validate wpforms-form\" data-formid=\"63\" method=\"post\" enctype=\"multipart\/form-data\" action=\"\/index.php?rest_route=%2Fwp%2Fv2%2Fpages%2F40\" data-token=\"198a29fce619302fee933d4e72470d01\" data-token-time=\"1776430875\"><noscript class=\"wpforms-error-noscript\">Veuillez activer JavaScript dans votre navigateur pour remplir ce formulaire.<\/noscript><div id=\"wpforms-error-noscript\" style=\"display: none;\">Veuillez activer JavaScript dans votre navigateur pour remplir ce formulaire.<\/div><div class=\"wpforms-field-container\"><div id=\"wpforms-63-field_1-container\" class=\"wpforms-field wpforms-field-name\" data-field-id=\"1\"><fieldset><legend class=\"wpforms-field-label\">Nom et Pr\u00e9nom<\/legend><div class=\"wpforms-field-row wpforms-field-medium\"><div class=\"wpforms-field-row-block wpforms-first wpforms-one-half\"><input type=\"text\" id=\"wpforms-63-field_1\" class=\"wpforms-field-name-first\" name=\"wpforms[fields][1][first]\" aria-errormessage=\"wpforms-63-field_1-error\" ><label for=\"wpforms-63-field_1\" class=\"wpforms-field-sublabel after\">Pr\u00e9nom<\/label><\/div><div class=\"wpforms-field-row-block wpforms-one-half\"><input type=\"text\" id=\"wpforms-63-field_1-last\" class=\"wpforms-field-name-last\" name=\"wpforms[fields][1][last]\" aria-errormessage=\"wpforms-63-field_1-last-error\" ><label for=\"wpforms-63-field_1-last\" class=\"wpforms-field-sublabel after\">Nom<\/label><\/div><\/div><\/fieldset><\/div><div id=\"wpforms-63-field_2-container\" class=\"wpforms-field wpforms-field-email\" data-field-id=\"2\"><label class=\"wpforms-field-label\" for=\"wpforms-63-field_2\">Adresse mail<\/label><input type=\"email\" id=\"wpforms-63-field_2\" class=\"wpforms-field-medium\" name=\"wpforms[fields][2]\" spellcheck=\"false\" aria-errormessage=\"wpforms-63-field_2-error\" ><\/div>\t\t<div id=\"wpforms-63-field_6-container\"\n\t\t\tclass=\"wpforms-field wpforms-field-text\"\n\t\t\tdata-field-type=\"text\"\n\t\t\tdata-field-id=\"6\"\n\t\t\t>\n\t\t\t<label class=\"wpforms-field-label\" for=\"wpforms-63-field_6\" >Num&eacute;ro et d&#039;accompagnement<\/label>\n\t\t\t<input type=\"text\" id=\"wpforms-63-field_6\" class=\"wpforms-field-medium\" name=\"wpforms[fields][6]\" >\n\t\t<\/div>\n\t\t<div id=\"wpforms-63-field_4-container\" class=\"wpforms-field wpforms-field-checkbox\" data-field-id=\"4\"><fieldset><legend class=\"wpforms-field-label\">Type d&#039;accompagnement souhait\u00e9<\/legend><ul id=\"wpforms-63-field_4\"><li class=\"choice-1 depth-1\"><input type=\"checkbox\" id=\"wpforms-63-field_4_1\" name=\"wpforms[fields][4][]\" value=\"Accompagnement administratif\" aria-errormessage=\"wpforms-63-field_4_1-error\"  ><label class=\"wpforms-field-label-inline\" for=\"wpforms-63-field_4_1\">Accompagnement administratif<\/label><\/li><li class=\"choice-2 depth-1\"><input type=\"checkbox\" id=\"wpforms-63-field_4_2\" name=\"wpforms[fields][4][]\" value=\"Accompagnement \u00e0 la personne\" aria-errormessage=\"wpforms-63-field_4_2-error\"  ><label class=\"wpforms-field-label-inline\" for=\"wpforms-63-field_4_2\">Accompagnement \u00e0 la personne<\/label><\/li><li class=\"choice-3 depth-1\"><input type=\"checkbox\" id=\"wpforms-63-field_4_3\" name=\"wpforms[fields][4][]\" value=\"Accompagnement \u00e0 domicile\" aria-errormessage=\"wpforms-63-field_4_3-error\"  ><label class=\"wpforms-field-label-inline\" for=\"wpforms-63-field_4_3\">Accompagnement \u00e0 domicile<\/label><\/li><\/ul><\/fieldset><\/div><div id=\"wpforms-63-field_5-container\" class=\"wpforms-field wpforms-field-textarea\" data-field-id=\"5\"><label class=\"wpforms-field-label\" for=\"wpforms-63-field_5\">D\u00e9taillez votre demande<\/label><textarea id=\"wpforms-63-field_5\" class=\"wpforms-field-medium\" name=\"wpforms[fields][5]\" aria-errormessage=\"wpforms-63-field_5-error\" ><\/textarea><\/div><script>\n\t\t\t\t( function() {\n\t\t\t\t\tconst style = document.createElement( 'style' );\n\t\t\t\t\tstyle.appendChild( document.createTextNode( '#wpforms-63-field_6-container { position: absolute !important; overflow: hidden !important; display: inline !important; height: 1px !important; width: 1px !important; z-index: -1000 !important; padding: 0 !important; } #wpforms-63-field_6-container input { visibility: hidden; } #wpforms-conversational-form-page #wpforms-63-field_6-container label { counter-increment: none; }' ) );\n\t\t\t\t\tdocument.head.appendChild( style );\n\t\t\t\t\tdocument.currentScript?.remove();\n\t\t\t\t} )();\n\t\t\t<\/script><\/div><!-- .wpforms-field-container --><div class=\"wpforms-submit-container\" ><input type=\"hidden\" name=\"wpforms[id]\" value=\"63\"><input type=\"hidden\" name=\"page_title\" value=\"\"><input type=\"hidden\" name=\"page_url\" value=\"https:\/\/cneta.fr\/index.php?rest_route=\/wp\/v2\/pages\/40\"><input type=\"hidden\" name=\"url_referer\" value=\"\"><button type=\"submit\" name=\"wpforms[submit]\" id=\"wpforms-submit-63\" class=\"wpforms-submit\" data-alt-text=\"Envoi...\" data-submit-text=\"Submit\" aria-live=\"assertive\" value=\"wpforms-submit\">Submit<\/button><\/div><\/form><\/div>  <!-- .wpforms-container --><\/div>\n<\/div>\n<\/div><\/div>\n\n\n\n<p><\/p>\n","protected":false},"excerpt":{"rendered":"","protected":false},"author":1,"featured_media":0,"parent":0,"menu_order":0,"comment_status":"closed","ping_status":"closed","template":"","meta":{"footnotes":""},"class_list":["post-40","page","type-page","status-publish","hentry"],"yoast_head":"<!-- This site is optimized with the Yoast SEO plugin v27.4 - https:\/\/yoast.com\/product\/yoast-seo-wordpress\/ -->\n<title>Contact -<\/title>\n<meta name=\"robots\" content=\"index, follow, max-snippet:-1, max-image-preview:large, max-video-preview:-1\" \/>\n<link rel=\"canonical\" href=\"https:\/\/cneta.fr\/?page_id=40\" \/>\n<meta property=\"og:locale\" content=\"fr_FR\" \/>\n<meta property=\"og:type\" content=\"article\" \/>\n<meta property=\"og:title\" content=\"Contact -\" \/>\n<meta property=\"og:url\" content=\"https:\/\/cneta.fr\/?page_id=40\" \/>\n<meta property=\"article:modified_time\" content=\"2025-11-20T15:12:58+00:00\" \/>\n<meta property=\"og:image\" content=\"https:\/\/cneta.fr\/wp-content\/uploads\/2025\/11\/pexels-mikhail-nilov-6931338-scaled.jpg\" \/>\n\t<meta property=\"og:image:width\" content=\"1895\" \/>\n\t<meta property=\"og:image:height\" content=\"2560\" \/>\n\t<meta property=\"og:image:type\" content=\"image\/jpeg\" \/>\n<meta name=\"twitter:card\" content=\"summary_large_image\" \/>\n<script type=\"application\/ld+json\" class=\"yoast-schema-graph\">{\"@context\":\"https:\\\/\\\/schema.org\",\"@graph\":[{\"@type\":\"WebPage\",\"@id\":\"https:\\\/\\\/cneta.fr\\\/?page_id=40\",\"url\":\"https:\\\/\\\/cneta.fr\\\/?page_id=40\",\"name\":\"Contact -\",\"isPartOf\":{\"@id\":\"https:\\\/\\\/cneta.fr\\\/#website\"},\"primaryImageOfPage\":{\"@id\":\"https:\\\/\\\/cneta.fr\\\/?page_id=40#primaryimage\"},\"image\":{\"@id\":\"https:\\\/\\\/cneta.fr\\\/?page_id=40#primaryimage\"},\"thumbnailUrl\":\"https:\\\/\\\/cneta.fr\\\/wp-content\\\/uploads\\\/2025\\\/11\\\/pexels-mikhail-nilov-6931338-758x1024.jpg\",\"datePublished\":\"2025-11-19T12:45:55+00:00\",\"dateModified\":\"2025-11-20T15:12:58+00:00\",\"breadcrumb\":{\"@id\":\"https:\\\/\\\/cneta.fr\\\/?page_id=40#breadcrumb\"},\"inLanguage\":\"fr-FR\",\"potentialAction\":[{\"@type\":\"ReadAction\",\"target\":[\"https:\\\/\\\/cneta.fr\\\/?page_id=40\"]}]},{\"@type\":\"ImageObject\",\"inLanguage\":\"fr-FR\",\"@id\":\"https:\\\/\\\/cneta.fr\\\/?page_id=40#primaryimage\",\"url\":\"https:\\\/\\\/cneta.fr\\\/wp-content\\\/uploads\\\/2025\\\/11\\\/pexels-mikhail-nilov-6931338-scaled.jpg\",\"contentUrl\":\"https:\\\/\\\/cneta.fr\\\/wp-content\\\/uploads\\\/2025\\\/11\\\/pexels-mikhail-nilov-6931338-scaled.jpg\",\"width\":1895,\"height\":2560},{\"@type\":\"BreadcrumbList\",\"@id\":\"https:\\\/\\\/cneta.fr\\\/?page_id=40#breadcrumb\",\"itemListElement\":[{\"@type\":\"ListItem\",\"position\":1,\"name\":\"Accueil\",\"item\":\"https:\\\/\\\/cneta.fr\\\/\"},{\"@type\":\"ListItem\",\"position\":2,\"name\":\"Contact\"}]},{\"@type\":\"WebSite\",\"@id\":\"https:\\\/\\\/cneta.fr\\\/#website\",\"url\":\"https:\\\/\\\/cneta.fr\\\/\",\"name\":\"cneta\",\"description\":\"\u201cAccompagner, prot\u00e9ger, soutenir  \u00e0 chaque \u00e9tape de la vie.\u201d\",\"potentialAction\":[{\"@type\":\"SearchAction\",\"target\":{\"@type\":\"EntryPoint\",\"urlTemplate\":\"https:\\\/\\\/cneta.fr\\\/?s={search_term_string}\"},\"query-input\":{\"@type\":\"PropertyValueSpecification\",\"valueRequired\":true,\"valueName\":\"search_term_string\"}}],\"inLanguage\":\"fr-FR\"}]}<\/script>\n<!-- \/ Yoast SEO plugin. -->","yoast_head_json":{"title":"Contact -","robots":{"index":"index","follow":"follow","max-snippet":"max-snippet:-1","max-image-preview":"max-image-preview:large","max-video-preview":"max-video-preview:-1"},"canonical":"https:\/\/cneta.fr\/?page_id=40","og_locale":"fr_FR","og_type":"article","og_title":"Contact -","og_url":"https:\/\/cneta.fr\/?page_id=40","article_modified_time":"2025-11-20T15:12:58+00:00","og_image":[{"width":1895,"height":2560,"url":"https:\/\/cneta.fr\/wp-content\/uploads\/2025\/11\/pexels-mikhail-nilov-6931338-scaled.jpg","type":"image\/jpeg"}],"twitter_card":"summary_large_image","schema":{"@context":"https:\/\/schema.org","@graph":[{"@type":"WebPage","@id":"https:\/\/cneta.fr\/?page_id=40","url":"https:\/\/cneta.fr\/?page_id=40","name":"Contact -","isPartOf":{"@id":"https:\/\/cneta.fr\/#website"},"primaryImageOfPage":{"@id":"https:\/\/cneta.fr\/?page_id=40#primaryimage"},"image":{"@id":"https:\/\/cneta.fr\/?page_id=40#primaryimage"},"thumbnailUrl":"https:\/\/cneta.fr\/wp-content\/uploads\/2025\/11\/pexels-mikhail-nilov-6931338-758x1024.jpg","datePublished":"2025-11-19T12:45:55+00:00","dateModified":"2025-11-20T15:12:58+00:00","breadcrumb":{"@id":"https:\/\/cneta.fr\/?page_id=40#breadcrumb"},"inLanguage":"fr-FR","potentialAction":[{"@type":"ReadAction","target":["https:\/\/cneta.fr\/?page_id=40"]}]},{"@type":"ImageObject","inLanguage":"fr-FR","@id":"https:\/\/cneta.fr\/?page_id=40#primaryimage","url":"https:\/\/cneta.fr\/wp-content\/uploads\/2025\/11\/pexels-mikhail-nilov-6931338-scaled.jpg","contentUrl":"https:\/\/cneta.fr\/wp-content\/uploads\/2025\/11\/pexels-mikhail-nilov-6931338-scaled.jpg","width":1895,"height":2560},{"@type":"BreadcrumbList","@id":"https:\/\/cneta.fr\/?page_id=40#breadcrumb","itemListElement":[{"@type":"ListItem","position":1,"name":"Accueil","item":"https:\/\/cneta.fr\/"},{"@type":"ListItem","position":2,"name":"Contact"}]},{"@type":"WebSite","@id":"https:\/\/cneta.fr\/#website","url":"https:\/\/cneta.fr\/","name":"cneta","description":"\u201cAccompagner, prot\u00e9ger, soutenir  \u00e0 chaque \u00e9tape de la vie.\u201d","potentialAction":[{"@type":"SearchAction","target":{"@type":"EntryPoint","urlTemplate":"https:\/\/cneta.fr\/?s={search_term_string}"},"query-input":{"@type":"PropertyValueSpecification","valueRequired":true,"valueName":"search_term_string"}}],"inLanguage":"fr-FR"}]}},"_links":{"self":[{"href":"https:\/\/cneta.fr\/index.php?rest_route=\/wp\/v2\/pages\/40","targetHints":{"allow":["GET"]}}],"collection":[{"href":"https:\/\/cneta.fr\/index.php?rest_route=\/wp\/v2\/pages"}],"about":[{"href":"https:\/\/cneta.fr\/index.php?rest_route=\/wp\/v2\/types\/page"}],"author":[{"embeddable":true,"href":"https:\/\/cneta.fr\/index.php?rest_route=\/wp\/v2\/users\/1"}],"replies":[{"embeddable":true,"href":"https:\/\/cneta.fr\/index.php?rest_route=%2Fwp%2Fv2%2Fcomments&post=40"}],"version-history":[{"count":7,"href":"https:\/\/cneta.fr\/index.php?rest_route=\/wp\/v2\/pages\/40\/revisions"}],"predecessor-version":[{"id":76,"href":"https:\/\/cneta.fr\/index.php?rest_route=\/wp\/v2\/pages\/40\/revisions\/76"}],"wp:attachment":[{"href":"https:\/\/cneta.fr\/index.php?rest_route=%2Fwp%2Fv2%2Fmedia&parent=40"}],"curies":[{"name":"wp","href":"https:\/\/api.w.org\/{rel}","templated":true}]}}